{"id":785,"date":"2011-05-28T11:41:17","date_gmt":"2011-05-28T11:41:17","guid":{"rendered":"http:\/\/www.kulturflecken.de\/wordpress\/?page_id=785"},"modified":"2011-05-28T11:45:34","modified_gmt":"2011-05-28T11:45:34","slug":"tango-in-freudenberg","status":"publish","type":"page","link":"https:\/\/www.kulturflecken.de\/wordpress\/?page_id=785","title":{"rendered":"TANGO IN FREUDENBERG"},"content":{"rendered":"<p><a href=\"http:\/\/www.kulturflecken.de\/wordpress\/wp-content\/uploads\/tango02.jpg\"><img loading=\"lazy\" decoding=\"async\" class=\"alignleft size-medium wp-image-783\" title=\"tango02\" src=\"http:\/\/www.kulturflecken.de\/wordpress\/wp-content\/uploads\/tango02-300x198.jpg\" alt=\"\" width=\"300\" height=\"198\" srcset=\"https:\/\/www.kulturflecken.de\/wordpress\/wp-content\/uploads\/tango02-300x198.jpg 300w, https:\/\/www.kulturflecken.de\/wordpress\/wp-content\/uploads\/tango02.jpg 640w\" sizes=\"auto, (max-width: 300px) 100vw, 300px\" \/><\/a>Der  erste Tangoball in der originellen 40er Jahre Kantine der Firma Klichta an der Asdorfer Stra\u00dfe wurde zu einem Treffen der Tangueras von nah und fern.<br \/>\nMit solch  einem gro\u00dfen Andrang hatten die Verantwortlichen des Kulturflecken Silberstern nicht gerechnet !  Die  Kantine im Dunkelholz-Ambiente bot kaum noch Raum zwischen Tanzfl\u00e4che und Sitzgelegenheiten.<br \/>\nDie  T\u00e4nzer bewegten sich bei schummrigem Kerzenlicht in der Harmonie des Tango-Orchesters &#8222;Tango a Mano&#8220; und der S\u00e4ngerin Julie Georgis und des DJ Tquadrat aus K\u00f6ln bis in die fr\u00fchen Morgenstunden. Ob T\u00e4nzer und Nichtt\u00e4nzer,  alle Anwesenden wurden von  leidenschaftlichen Tangorhythmen  in den Bann gezogen.<\/p>\n<p>Die  vorher  stattgefunden Tango-Workshops mit Klaus und Eva Vetter aus dem ehemaligen  Caf\u00e9 Basico und der  in Freudenberg geborenen  Profit\u00e4nzerin  Nicole Kirascha- Fr\u00fchwacht waren ebenfalls ein voller Erfolg.<br \/>\nUnd selbst  beim  Zuschauen wurde klar: Tango ist Kommunikation pur,  es werden  intimste Ansichten und Emotionen ausgedr\u00fcckt  und  es bleibt keine Dimension des  Lebens verborgen   \u2013 Verlangen , Mut, Angst, Sch\u00fcchternheit, Erf\u00fcllung, N\u00e4he und Distanz.  \u201eDie unmittelbare Art der Verst\u00e4ndigung\u201c, nennt der argentinische Schriftsteller Jorge Luis Borge die Kunst des Tangotanzes. Kein anderes  Ambiente h\u00e4tte diese sehr  \u00e4sthetische t\u00e4nzerische  Form der Kommunikation besser repr\u00e4sentieren k\u00f6nnen als die urige Kantine der Klichta-Werke, die einen fast Freudenberg mit Buenos Aires verwechseln lie\u00df . . .<br \/>\nDie Organisatoren vom KulturFlecken Silberstern sind sich sicher: es wird nicht bei dem einen Tangoabend in Freudenberg bleiben !<\/p>\n<p><a style=\"color: red;\" href=\"http:\/\/www.kulturflecken.de\/bilder.php?s=12\" target=\"_blank\"><strong>Hier einige Fotos der Veranstaltung<\/strong><\/a><\/p>\n","protected":false},"excerpt":{"rendered":"<p>Der erste Tangoball in der originellen 40er Jahre Kantine der Firma Klichta an der Asdorfer Stra\u00dfe wurde zu einem Treffen der Tangueras von nah und fern. Mit solch einem gro\u00dfen Andrang hatten die Verantwortlichen des Kulturflecken Silberstern nicht gerechnet ! &hellip; <a href=\"https:\/\/www.kulturflecken.de\/wordpress\/?page_id=785\">Weiterlesen <span class=\"meta-nav\">&rarr;<\/span><\/a><\/p>\n","protected":false},"author":1,"featured_media":0,"parent":203,"menu_order":0,"comment_status":"closed","ping_status":"closed","template":"","meta":{"ngg_post_thumbnail":0,"footnotes":""},"class_list":["post-785","page","type-page","status-publish","hentry"],"_links":{"self":[{"href":"https:\/\/www.kulturflecken.de\/wordpress\/index.php?rest_route=\/wp\/v2\/pages\/785","targetHints":{"allow":["GET"]}}],"collection":[{"href":"https:\/\/www.kulturflecken.de\/wordpress\/index.php?rest_route=\/wp\/v2\/pages"}],"about":[{"href":"https:\/\/www.kulturflecken.de\/wordpress\/index.php?rest_route=\/wp\/v2\/types\/page"}],"author":[{"embeddable":true,"href":"https:\/\/www.kulturflecken.de\/wordpress\/index.php?rest_route=\/wp\/v2\/users\/1"}],"replies":[{"embeddable":true,"href":"https:\/\/www.kulturflecken.de\/wordpress\/index.php?rest_route=%2Fwp%2Fv2%2Fcomments&post=785"}],"version-history":[{"count":3,"href":"https:\/\/www.kulturflecken.de\/wordpress\/index.php?rest_route=\/wp\/v2\/pages\/785\/revisions"}],"predecessor-version":[{"id":792,"href":"https:\/\/www.kulturflecken.de\/wordpress\/index.php?rest_route=\/wp\/v2\/pages\/785\/revisions\/792"}],"up":[{"embeddable":true,"href":"https:\/\/www.kulturflecken.de\/wordpress\/index.php?rest_route=\/wp\/v2\/pages\/203"}],"wp:attachment":[{"href":"https:\/\/www.kulturflecken.de\/wordpress\/index.php?rest_route=%2Fwp%2Fv2%2Fmedia&parent=785"}],"curies":[{"name":"wp","href":"https:\/\/api.w.org\/{rel}","templated":true}]}}