{"id":7216,"date":"2023-08-31T08:34:37","date_gmt":"2023-08-31T08:34:37","guid":{"rendered":"http:\/\/www.kulturflecken.de\/wordpress\/?page_id=7216"},"modified":"2023-08-31T08:43:13","modified_gmt":"2023-08-31T08:43:13","slug":"blaue-schafe-machen-kulturelle-bildung-erst-moeglich","status":"publish","type":"page","link":"https:\/\/www.kulturflecken.de\/wordpress\/?page_id=7216","title":{"rendered":"Blaue Schafe machen kulturelle Bildung erst m\u00f6glich"},"content":{"rendered":"<p>(Quelle: <a href=\"https:\/\/freudenberg-online.com\/kultur\/blaue-schafe-machen-kulturelle-bildung-erste-moeglich\" target=\"_blank\" rel=\"noopener\">freudenberg-online.com 23.08.2023<\/a>)<br \/>\n<a href=\"http:\/\/www.kulturflecken.de\/wordpress\/wp-content\/uploads\/Unbenannt-1.jpg\"><img loading=\"lazy\" decoding=\"async\" src=\"http:\/\/www.kulturflecken.de\/wordpress\/wp-content\/uploads\/Unbenannt-1.jpg\" alt=\"\" width=\"697\" height=\"464\" class=\"aligncenter size-full wp-image-7217\" srcset=\"https:\/\/www.kulturflecken.de\/wordpress\/wp-content\/uploads\/Unbenannt-1.jpg 697w, https:\/\/www.kulturflecken.de\/wordpress\/wp-content\/uploads\/Unbenannt-1-300x200.jpg 300w\" sizes=\"auto, (max-width: 697px) 100vw, 697px\" \/><\/a><br \/>\n<strong>Freudenberg.<\/strong> Am Montag startete im KulturFlecken am Silberstern das Workshop-Angebot f\u00fcr Kinder, die aus den Krisengebieten der Welt fl\u00fcchten mussten und nun in Freudenberg leben. \u201eKunst und Musik wirken pers\u00f6nlichkeitsbildend und k\u00f6nnen helfen, belastende Erlebnisse zu verarbeiten\u201c, so Dr. Brigitte Limper vom Vorstand des KulturFlecken.<\/p>\n<p>Vorausgegangen war eine Spendenaktion, die gro\u00dfz\u00fcgig vom Lions-Club Freudenberg unterst\u00fctzt wurde: Die blauen Friedensschafe der Blausch\u00e4ferei Reetz weideten zum Anlass des 20-j\u00e4hrigen Bestehens des Kulturvereins im Kurpark und wurden zum oben genannten Zweck meistbietend versteigert. So brachte die Versteigerung von \u00fcber 40 Schafen am Ende eine stattliche Summe, die es nun erm\u00f6glicht, Kindern aus der Ukraine, Syrien und dem Iran Kunst- und Musikunterricht zukommen zu lassen.<\/p>\n<p><a href=\"http:\/\/www.kulturflecken.de\/wordpress\/wp-content\/uploads\/IMG-20230821-WA0019.jpg\"><img loading=\"lazy\" decoding=\"async\" src=\"http:\/\/www.kulturflecken.de\/wordpress\/wp-content\/uploads\/IMG-20230821-WA0019-1024x768.jpg\" alt=\"\" width=\"640\" height=\"480\" class=\"aligncenter size-large wp-image-7218\" srcset=\"https:\/\/www.kulturflecken.de\/wordpress\/wp-content\/uploads\/IMG-20230821-WA0019-1024x768.jpg 1024w, https:\/\/www.kulturflecken.de\/wordpress\/wp-content\/uploads\/IMG-20230821-WA0019-300x225.jpg 300w, https:\/\/www.kulturflecken.de\/wordpress\/wp-content\/uploads\/IMG-20230821-WA0019-768x576.jpg 768w, https:\/\/www.kulturflecken.de\/wordpress\/wp-content\/uploads\/IMG-20230821-WA0019-1536x1152.jpg 1536w, https:\/\/www.kulturflecken.de\/wordpress\/wp-content\/uploads\/IMG-20230821-WA0019.jpg 2048w\" sizes=\"auto, (max-width: 640px) 100vw, 640px\" \/><\/a><br \/>\n<a href=\"http:\/\/www.kulturflecken.de\/wordpress\/wp-content\/uploads\/IMG-20230821-WA0034.jpg\"><img loading=\"lazy\" decoding=\"async\" src=\"http:\/\/www.kulturflecken.de\/wordpress\/wp-content\/uploads\/IMG-20230821-WA0034-1024x768.jpg\" alt=\"\" width=\"640\" height=\"480\" class=\"aligncenter size-large wp-image-7219\" srcset=\"https:\/\/www.kulturflecken.de\/wordpress\/wp-content\/uploads\/IMG-20230821-WA0034-1024x768.jpg 1024w, https:\/\/www.kulturflecken.de\/wordpress\/wp-content\/uploads\/IMG-20230821-WA0034-300x225.jpg 300w, https:\/\/www.kulturflecken.de\/wordpress\/wp-content\/uploads\/IMG-20230821-WA0034-768x576.jpg 768w, https:\/\/www.kulturflecken.de\/wordpress\/wp-content\/uploads\/IMG-20230821-WA0034-1536x1152.jpg 1536w, https:\/\/www.kulturflecken.de\/wordpress\/wp-content\/uploads\/IMG-20230821-WA0034.jpg 2048w\" sizes=\"auto, (max-width: 640px) 100vw, 640px\" \/><\/a><\/p>\n<p><em>(Auf dem Presse-Foto sind neben den Kindern zu sehen: Kursleiterin Sabrina Diehl, Brigitte Limper vom KulturFlecken und Lars Gornietzka vom Lions-Club Freudenberg)<\/em><\/p>\n","protected":false},"excerpt":{"rendered":"<p>(Quelle: freudenberg-online.com 23.08.2023) Freudenberg. Am Montag startete im KulturFlecken am Silberstern das Workshop-Angebot f\u00fcr Kinder, die aus den Krisengebieten der Welt fl\u00fcchten mussten und nun in Freudenberg leben. \u201eKunst und Musik wirken pers\u00f6nlichkeitsbildend und k\u00f6nnen helfen, belastende Erlebnisse zu verarbeiten\u201c, &hellip; <a href=\"https:\/\/www.kulturflecken.de\/wordpress\/?page_id=7216\">Weiterlesen <span class=\"meta-nav\">&rarr;<\/span><\/a><\/p>\n","protected":false},"author":1,"featured_media":0,"parent":258,"menu_order":-160,"comment_status":"closed","ping_status":"closed","template":"","meta":{"ngg_post_thumbnail":0,"footnotes":""},"class_list":["post-7216","page","type-page","status-publish","hentry"],"_links":{"self":[{"href":"https:\/\/www.kulturflecken.de\/wordpress\/index.php?rest_route=\/wp\/v2\/pages\/7216","targetHints":{"allow":["GET"]}}],"collection":[{"href":"https:\/\/www.kulturflecken.de\/wordpress\/index.php?rest_route=\/wp\/v2\/pages"}],"about":[{"href":"https:\/\/www.kulturflecken.de\/wordpress\/index.php?rest_route=\/wp\/v2\/types\/page"}],"author":[{"embeddable":true,"href":"https:\/\/www.kulturflecken.de\/wordpress\/index.php?rest_route=\/wp\/v2\/users\/1"}],"replies":[{"embeddable":true,"href":"https:\/\/www.kulturflecken.de\/wordpress\/index.php?rest_route=%2Fwp%2Fv2%2Fcomments&post=7216"}],"version-history":[{"count":2,"href":"https:\/\/www.kulturflecken.de\/wordpress\/index.php?rest_route=\/wp\/v2\/pages\/7216\/revisions"}],"predecessor-version":[{"id":7221,"href":"https:\/\/www.kulturflecken.de\/wordpress\/index.php?rest_route=\/wp\/v2\/pages\/7216\/revisions\/7221"}],"up":[{"embeddable":true,"href":"https:\/\/www.kulturflecken.de\/wordpress\/index.php?rest_route=\/wp\/v2\/pages\/258"}],"wp:attachment":[{"href":"https:\/\/www.kulturflecken.de\/wordpress\/index.php?rest_route=%2Fwp%2Fv2%2Fmedia&parent=7216"}],"curies":[{"name":"wp","href":"https:\/\/api.w.org\/{rel}","templated":true}]}}