{"id":59,"date":"2010-08-24T16:03:13","date_gmt":"2010-08-24T16:03:13","guid":{"rendered":"http:\/\/web120.customer.net-spacy.com\/wordpress\/?page_id=59"},"modified":"2011-07-25T07:43:38","modified_gmt":"2011-07-25T07:43:38","slug":"%e2%80%a6ganz-neue-wunder","status":"publish","type":"page","link":"https:\/\/www.kulturflecken.de\/wordpress\/?page_id=59","title":{"rendered":"Chanson Abend \u2013 \u201eGanz neue Wunder\u201c"},"content":{"rendered":"<p><a href=\"http:\/\/www.kutlurflecken.de\/wordpress\/wp-content\/uploads\/IMG_0856.jpg\"><img loading=\"lazy\" decoding=\"async\" class=\"alignleft size-medium wp-image-61\" title=\"IMG_0856\" src=\"http:\/\/web120.customer.net-spacy.com\/wordpress\/wp-content\/uploads\/IMG_0856-300x200.jpg\" alt=\"\" width=\"300\" height=\"200\" srcset=\"https:\/\/www.kulturflecken.de\/wordpress\/wp-content\/uploads\/IMG_0856-300x200.jpg 300w, https:\/\/www.kulturflecken.de\/wordpress\/wp-content\/uploads\/IMG_0856.jpg 1024w\" sizes=\"auto, (max-width: 300px) 100vw, 300px\" \/><\/a>Diseuse trifft Pianisten aus der Ukraine.<\/p>\n<p>Nicht viel los da in Imsk, und dann finden beide um die Ecke rum von Umsk endlich die Hungerk\u00fcnstlerin und die erste Zauberin, die es gab mit Sch\u00fcrze, n\u00e4mlich Circe \u2026 und scheuen nicht vor schonungslosen Bekenntnissen zur\u00fcck \u2026 Der Bauch der bleibt \u2026 Tauben vergiften im Park ist beider gr\u00f6\u00dftes Vergn\u00fcgen, und wenn der Mond die ganze Nacht scheint, ist das Boot am Ufer losgemacht.<br \/>\nEs finden hinrei\u00dfende Begegnungen statt mit Piaf, Gr\u00e9co und Brel \u2013 rote Rosen regnen, und ganz neue Wunder begegnen uns allen \u2026 sie ist leider viel zu faul, und am Ende spielt der Franz doch noch einen Tanz \u2013 und das kann gef\u00e4hrlich sein.<\/p>\n<p>Wunderlich nimmt ihr Publikum mit auf einen wilden Ritt kreuz und quer durch Stimmlagen und Oktaven, Gef\u00fchle und Befindlichkeiten, H\u00f6hen und Tiefen weiblichen Empfindens. Es kocht das Blut und rast der Puls. G\u00e4nsehaut, wohlige Schauer des Entz\u00fcckens, heftige Hitzewellen und unkontrollierbares Herzklopfen wechseln sich ab. Am Ende sind zwar alle irgendwie verschwitzt, aber sehr, sehr gl\u00fccklich.<\/p>\n<p>Herr Bordo, der ukrainische Meister der schwarz-weissen Tasten \u2013 er bevorzugt 88 davon \u2013 liebt das Pianoforte beinahe mehr als sein Leben. Mal bearbeitet er das Gis mit z\u00e4rtlicher Hingabe und das zweifach gestrichene E mit heiligem Zorn. Mal braucht das hohe C von ihm mehr Druck als das dunkle As\u2026 Lebendiges Wechselspiel und grosser Genuss f\u00fcr Ohren und Augen in jedem Fall.<\/p>\n<p>Die beiden pr\u00e4sentieren einen Liederabend der besonderen Art \u2013 das Publikum wird auf humorvolle Weise erfrischt mit kleinen Anekdoten zu den Komponisten und ihren Lastern, zu S\u00e4ngerinnen und ihren Eigenarten, und eines wird ganz schnell deutlich: Musik und pers\u00f6nliches Schicksal gehen stets eine dramatische Verbindung ein. Die wahre Kunst zeigt sich im Umgang damit.<\/p>\n<p>Auszug aus der Homepage http:\/\/www.ingeborg-wunderlich.de<\/p>\n<p><a href=\"http:\/\/web120.customer.net-spacy.com\/wordpress\/wp-content\/uploads\/IMG_0850.jpg\"><img loading=\"lazy\" decoding=\"async\" class=\"alignleft size-medium wp-image-62\" title=\"IMG_0850\" src=\"http:\/\/web120.customer.net-spacy.com\/wordpress\/wp-content\/uploads\/IMG_0850-300x200.jpg\" alt=\"\" width=\"300\" height=\"200\" srcset=\"https:\/\/www.kulturflecken.de\/wordpress\/wp-content\/uploads\/IMG_0850-300x200.jpg 300w, https:\/\/www.kulturflecken.de\/wordpress\/wp-content\/uploads\/IMG_0850.jpg 1024w\" sizes=\"auto, (max-width: 300px) 100vw, 300px\" \/><\/a><a href=\"http:\/\/web120.customer.net-spacy.com\/wordpress\/wp-content\/uploads\/IMG_0849.jpg\"><img loading=\"lazy\" decoding=\"async\" class=\"alignleft size-medium wp-image-63\" title=\"IMG_0849\" src=\"http:\/\/web120.customer.net-spacy.com\/wordpress\/wp-content\/uploads\/IMG_0849-300x200.jpg\" alt=\"\" width=\"300\" height=\"200\" srcset=\"https:\/\/www.kulturflecken.de\/wordpress\/wp-content\/uploads\/IMG_0849-300x200.jpg 300w, https:\/\/www.kulturflecken.de\/wordpress\/wp-content\/uploads\/IMG_0849.jpg 1024w\" sizes=\"auto, (max-width: 300px) 100vw, 300px\" \/><\/a><a href=\"http:\/\/web120.customer.net-spacy.com\/wordpress\/wp-content\/uploads\/IMG_0848.jpg\"><img loading=\"lazy\" decoding=\"async\" class=\"alignleft size-medium wp-image-64\" title=\"IMG_0848\" src=\"http:\/\/web120.customer.net-spacy.com\/wordpress\/wp-content\/uploads\/IMG_0848-300x200.jpg\" alt=\"\" width=\"300\" height=\"200\" srcset=\"https:\/\/www.kulturflecken.de\/wordpress\/wp-content\/uploads\/IMG_0848-300x200.jpg 300w, https:\/\/www.kulturflecken.de\/wordpress\/wp-content\/uploads\/IMG_0848.jpg 1024w\" sizes=\"auto, (max-width: 300px) 100vw, 300px\" \/><\/a><a href=\"http:\/\/web120.customer.net-spacy.com\/wordpress\/wp-content\/uploads\/IMG_08451.jpg\"><img loading=\"lazy\" decoding=\"async\" class=\"alignleft size-medium wp-image-65\" title=\"IMG_0845\" src=\"http:\/\/web120.customer.net-spacy.com\/wordpress\/wp-content\/uploads\/IMG_08451-300x200.jpg\" alt=\"\" width=\"300\" height=\"200\" srcset=\"https:\/\/www.kulturflecken.de\/wordpress\/wp-content\/uploads\/IMG_08451-300x200.jpg 300w, https:\/\/www.kulturflecken.de\/wordpress\/wp-content\/uploads\/IMG_08451.jpg 1024w\" sizes=\"auto, (max-width: 300px) 100vw, 300px\" \/><\/a><\/p>\n","protected":false},"excerpt":{"rendered":"<p>Diseuse trifft Pianisten aus der Ukraine. Nicht viel los da in Imsk, und dann finden beide um die Ecke rum von Umsk endlich die Hungerk\u00fcnstlerin und die erste Zauberin, die es gab mit Sch\u00fcrze, n\u00e4mlich Circe \u2026 und scheuen nicht &hellip; <a href=\"https:\/\/www.kulturflecken.de\/wordpress\/?page_id=59\">Weiterlesen <span class=\"meta-nav\">&rarr;<\/span><\/a><\/p>\n","protected":false},"author":1,"featured_media":0,"parent":203,"menu_order":5,"comment_status":"closed","ping_status":"closed","template":"","meta":{"ngg_post_thumbnail":0,"footnotes":""},"class_list":["post-59","page","type-page","status-publish","hentry"],"_links":{"self":[{"href":"https:\/\/www.kulturflecken.de\/wordpress\/index.php?rest_route=\/wp\/v2\/pages\/59","targetHints":{"allow":["GET"]}}],"collection":[{"href":"https:\/\/www.kulturflecken.de\/wordpress\/index.php?rest_route=\/wp\/v2\/pages"}],"about":[{"href":"https:\/\/www.kulturflecken.de\/wordpress\/index.php?rest_route=\/wp\/v2\/types\/page"}],"author":[{"embeddable":true,"href":"https:\/\/www.kulturflecken.de\/wordpress\/index.php?rest_route=\/wp\/v2\/users\/1"}],"replies":[{"embeddable":true,"href":"https:\/\/www.kulturflecken.de\/wordpress\/index.php?rest_route=%2Fwp%2Fv2%2Fcomments&post=59"}],"version-history":[{"count":3,"href":"https:\/\/www.kulturflecken.de\/wordpress\/index.php?rest_route=\/wp\/v2\/pages\/59\/revisions"}],"predecessor-version":[{"id":820,"href":"https:\/\/www.kulturflecken.de\/wordpress\/index.php?rest_route=\/wp\/v2\/pages\/59\/revisions\/820"}],"up":[{"embeddable":true,"href":"https:\/\/www.kulturflecken.de\/wordpress\/index.php?rest_route=\/wp\/v2\/pages\/203"}],"wp:attachment":[{"href":"https:\/\/www.kulturflecken.de\/wordpress\/index.php?rest_route=%2Fwp%2Fv2%2Fmedia&parent=59"}],"curies":[{"name":"wp","href":"https:\/\/api.w.org\/{rel}","templated":true}]}}