{"id":3678,"date":"2016-09-22T08:25:02","date_gmt":"2016-09-22T08:25:02","guid":{"rendered":"http:\/\/www.kulturflecken.de\/wordpress\/?page_id=3678"},"modified":"2016-09-22T08:36:56","modified_gmt":"2016-09-22T08:36:56","slug":"von-mensch-zu-mensch-flat-blues-ltd-erzaehlten-the-story-of-blues","status":"publish","type":"page","link":"https:\/\/www.kulturflecken.de\/wordpress\/?page_id=3678","title":{"rendered":"Von Mensch zu Mensch &#8211; Flat Blues Ltd. erz\u00e4hlten \u201eThe Story Of Blues\u201c"},"content":{"rendered":"<p><img loading=\"lazy\" decoding=\"async\" src=\"http:\/\/www.kulturflecken.de\/wordpress\/wp-content\/uploads\/BluesLTD.jpg\" alt=\"BluesLTD\" width=\"500\" height=\"364\" class=\"aligncenter size-full wp-image-3681\" srcset=\"https:\/\/www.kulturflecken.de\/wordpress\/wp-content\/uploads\/BluesLTD.jpg 500w, https:\/\/www.kulturflecken.de\/wordpress\/wp-content\/uploads\/BluesLTD-300x218.jpg 300w\" sizes=\"auto, (max-width: 500px) 100vw, 500px\" \/><strong>Flat Blues Ltd. erz\u00e4hlten \u201eThe Story Of Blues\u201c in Achenbach-Fabrikhalle<\/strong><br \/>\n<br \/>\n<i>Der Verein Kultur-Flecken Silberstern denkt bereits an ein Blues-Festival.<\/i><\/p>\n<p><a href=\"http:\/\/www.kulturflecken.de\/up_load\/2016-09-19Flat-BluesLtdSiegenerZeitung.pdf\"><img loading=\"lazy\" decoding=\"async\" src=\"http:\/\/www.kulturflecken.de\/wordpress\/wp-content\/uploads\/2016-09-19-Flat-Blues-Ltd.-SiegenerZeitung.jpg\" alt=\"2016-09-19-Flat-Blues-Ltd.-SiegenerZeitung\" width=\"250\" height=\"407\" class=\"alignleft size-full wp-image-3684\" srcset=\"https:\/\/www.kulturflecken.de\/wordpress\/wp-content\/uploads\/2016-09-19-Flat-Blues-Ltd.-SiegenerZeitung.jpg 250w, https:\/\/www.kulturflecken.de\/wordpress\/wp-content\/uploads\/2016-09-19-Flat-Blues-Ltd.-SiegenerZeitung-184x300.jpg 184w\" sizes=\"auto, (max-width: 250px) 100vw, 250px\" \/><\/a>ba  Sengende Hitze, flirrende Luft und schwei\u00dfgl\u00e4nzende K\u00f6rper, die auf den Baumwoll-Plantagen Mississippis gepeitscht und geschunden wurden; afrikanische Sklaven, deren Arbeitsrhythmus durch Worksongs gesteuert wurde, die aber gleicherma\u00dfen ihren Gef\u00fchlen und Hoffnungen durch Spirituals Ausdruck verleihen wollten: Hier finden sich die Wurzeln des Blues, der entscheidend f\u00fcr die Entwicklung der Musikkultur bis zum heutigen Tag ist. \u201eOhne Blues g\u00e4be es gar nichts\u201c, konstatierte Peter Lenzen, S\u00e4nger der Flat Blues Ltd. deshalb am Freitagabend in Freudenberg, ehe er sich anschickte, auf Einladung des Vereins Kultur-Flecken Silberstern, mit seiner Band das Publikum auf eine musikalische Reise in die Vergangenheit zu entf\u00fchren.<br \/>\nIn der spannenden Location der Fabrikhalle  Achenbach-F\u00f6rderanlagen warteten deshalb rund 80 Blues-Fans, die sich vom Delta-Blues der 20er- und 30er-Jahre \u00fcber den Chicago-Blues der 50er- Jahre bis hin zu den wilden Songs der Rolling Stones und nat\u00fcrlich den schwarz bebrillten und gekleideten Kult-Ikonen der 80er-Jahre, den Blues-Brothers, mitrei\u00dfen lassen wollten. Unterst\u00fctzt durch Fotos und Videos auf einer Leinwand, die das Flair der damaligen Zeit visualisierten, erlebten die Zuschauer einen musikalischen, aber auch informativen Abend.<br \/>\nDenn bevor nach fast dreist\u00fcndigem Programm \u201eSweet Home Chicago\u201c erklang, galt es, auf den Spuren des Blues zu wandeln \u2013 von den staubigen Plantagen des S\u00fcdens bis zum Freiheitsgef\u00fchl eines Bikers bei Steppenwolfs \u201eBorn To Be Wild\u201c.<\/p>\n<p><strong>Fotos der Veranstaltung:<\/strong><br \/>\nngg_shortcode_0_placeholder <\/p>\n<p>So begann der musikalische Weg mit dem \u201eWalking Blues\u201c von Robert Johnson, den Gitarrist Patrick \u201ePaddy Boy\u201c Zimmermann noch allein mit seiner Dobro pr\u00e4sentierte. Doch in dem Ma\u00dfe, wie die Sklaverei zur Vergangenheit wurde und zunehmend eine Partykultur entstand, ver\u00e4nderte sich auch die Musik. Mit Harp (Thomas Gottschalk) und Gesang (Peter Lenzen) wurde nachempfunden, was sich beispielsweise auf den riesigen Dockery Farms entwickelte.<br \/>\nVon Mensch zu Mensch wurden Melodien und Rhythmen weitergegeben, sodass sich vor allem Lead Belly zum musikalischen \u201eM\u00e4rchenerz\u00e4hler\u201c entwickelte, dessen Song \u201eCotton Fields\u201c wohl jedem Musikfan ein Begriff ist. Dass Gitarren oft leicht verstimmt klangen, war durchaus erw\u00fcnscht und wurde sp\u00e4ter gerne von Musikern adaptiert. Der Jump-Blues, eine neue Form des Blues mit Orchester und Vorl\u00e4ufer des Rock \u2019n\u2019 Roll forcierte den Partygedanken. \u201eLet The Good Times Roll\u201c war das Motto, das Louis Jordan musikalisch pr\u00e4sentierte.<br \/>\nAuch Flat Blues Ltd. wollten es an diesem Abend krachen lassen, so dass Michel Schallenberg an den Drums und Kay Stark am Bass den Rhythmus verst\u00e4rkten. Auch wenn Gitarrist \u201ePaddy Boy\u201c nicht im Spagat und hinter dem R\u00fccken die Saiten zum Gl\u00fchen brachte wie einst T-Bone Walker, bearbeitete er seine diversen Gitarren an diesem Abend derart virtuos, dass das Publikum oftmals spontan applaudierte.<br \/>\nOb Big Joe Turners \u201eFlip Flop And Fly\u201c, Bill Haleys \u201eRock Around The Clock\u201c oder Chuck Berrys \u201eJohnny Be Good\u201c \u2013 dem Publikum zuckten die F\u00fc\u00dfe. Nat\u00fcrlich durfte auch Musiker-Legende Muddy Waters und sein \u201eHoochie Coochie Man\u201c beim Rhythm-and-Blues-Spektakel nicht fehlen, ebenso wie der Boogie-K\u00f6nig \u2013 John Lee Hooker.<br \/>\nDie Liste der Blues-Legenden, deren Songs Flat Blues Ltd. an diesem Abend mit Hingabe pr\u00e4sentierten, war lang. Um Authentizit\u00e4t bem\u00fcht, wurde nicht nur ein Verst\u00e4rker aus dem Jahr 1959 von Harp-Spieler Thomas Gottschalk aktiviert, sondern Patrick \u201ePaddy Boy\u201c Zimmermann packte die Stratocaster aus, um die Gitarreng\u00f6tter \u2013 Jimi Hendrix, Rory Gallagher, Stevie Ray Vaughan und Eric Clapton \u2013 angemessen musikalisch zu ehren. Welch ein Sound und welch mitrei\u00dfende \u201eStory Of Blues\u201c, die Flat Blues Ltd. in Freudenberg pr\u00e4sentierten. Vermutlich nicht zum letzten Mal, denn der Gedanke, eventuell ein Blues-Festival zu veranstalten, wurde von den Organisatoren bereits laut ge\u00e4u\u00dfert.<\/p>\n","protected":false},"excerpt":{"rendered":"<p>Flat Blues Ltd. erz\u00e4hlten \u201eThe Story Of Blues\u201c in Achenbach-Fabrikhalle Der Verein Kultur-Flecken Silberstern denkt bereits an ein Blues-Festival. ba Sengende Hitze, flirrende Luft und schwei\u00dfgl\u00e4nzende K\u00f6rper, die auf den Baumwoll-Plantagen Mississippis gepeitscht und geschunden wurden; afrikanische Sklaven, deren Arbeitsrhythmus &hellip; <a href=\"https:\/\/www.kulturflecken.de\/wordpress\/?page_id=3678\">Weiterlesen <span class=\"meta-nav\">&rarr;<\/span><\/a><\/p>\n","protected":false},"author":1,"featured_media":0,"parent":258,"menu_order":-100,"comment_status":"closed","ping_status":"closed","template":"","meta":{"ngg_post_thumbnail":0,"footnotes":""},"class_list":["post-3678","page","type-page","status-publish","hentry"],"_links":{"self":[{"href":"https:\/\/www.kulturflecken.de\/wordpress\/index.php?rest_route=\/wp\/v2\/pages\/3678","targetHints":{"allow":["GET"]}}],"collection":[{"href":"https:\/\/www.kulturflecken.de\/wordpress\/index.php?rest_route=\/wp\/v2\/pages"}],"about":[{"href":"https:\/\/www.kulturflecken.de\/wordpress\/index.php?rest_route=\/wp\/v2\/types\/page"}],"author":[{"embeddable":true,"href":"https:\/\/www.kulturflecken.de\/wordpress\/index.php?rest_route=\/wp\/v2\/users\/1"}],"replies":[{"embeddable":true,"href":"https:\/\/www.kulturflecken.de\/wordpress\/index.php?rest_route=%2Fwp%2Fv2%2Fcomments&post=3678"}],"version-history":[{"count":3,"href":"https:\/\/www.kulturflecken.de\/wordpress\/index.php?rest_route=\/wp\/v2\/pages\/3678\/revisions"}],"predecessor-version":[{"id":3687,"href":"https:\/\/www.kulturflecken.de\/wordpress\/index.php?rest_route=\/wp\/v2\/pages\/3678\/revisions\/3687"}],"up":[{"embeddable":true,"href":"https:\/\/www.kulturflecken.de\/wordpress\/index.php?rest_route=\/wp\/v2\/pages\/258"}],"wp:attachment":[{"href":"https:\/\/www.kulturflecken.de\/wordpress\/index.php?rest_route=%2Fwp%2Fv2%2Fmedia&parent=3678"}],"curies":[{"name":"wp","href":"https:\/\/api.w.org\/{rel}","templated":true}]}}