{"id":187,"date":"2010-08-25T11:08:36","date_gmt":"2010-08-25T11:08:36","guid":{"rendered":"http:\/\/web120.customer.net-spacy.com\/wordpress\/?page_id=187"},"modified":"2023-02-02T11:01:07","modified_gmt":"2023-02-02T11:01:07","slug":"uber-uns","status":"publish","type":"page","link":"https:\/\/www.kulturflecken.de\/wordpress\/?page_id=187","title":{"rendered":"\u00dcber uns"},"content":{"rendered":"<p><a href=\"http:\/\/www.kulturflecken.de\/wordpress\/wp-content\/uploads\/f_kf_IMG_2113.jpg\"><img loading=\"lazy\" decoding=\"async\" class=\"alignleft size-full wp-image-188\" title=\"f_kf_IMG_2113\" src=\"http:\/\/web120.customer.net-spacy.com\/wordpress\/wp-content\/uploads\/f_kf_IMG_2113.jpg\" alt=\"\" width=\"338\" height=\"231\" srcset=\"https:\/\/www.kulturflecken.de\/wordpress\/wp-content\/uploads\/f_kf_IMG_2113.jpg 338w, https:\/\/www.kulturflecken.de\/wordpress\/wp-content\/uploads\/f_kf_IMG_2113-300x205.jpg 300w\" sizes=\"auto, (max-width: 338px) 100vw, 338px\" \/><\/a>Fotos der wundersch\u00f6nen historischen Altstadt Freudenbergs zieren seit jeher so manchen Deutschlandkalender. Die Initiatoren zur Gr\u00fcndung des Vereins erkannten, dass diese Stadt als historischer Kristallisationskern sehr gute atmosph\u00e4rische Rahmenbedingungen f\u00fcr ein Forum der Kunst, Kultur und Kommunikation bietet. Seit der Gr\u00fcndung des Vereins<strong> KulturFlecken Silberstern e.V. Freudenberg<\/strong> im Jahr 2003 bereichert er Freudenberg und Umgebung durch kulturellen Aufbruch und findet durch sein vielf\u00e4ltiges Engagement gro\u00dfe Beachtung und breite Akzeptanz. Dies zeigt in Zeiten wirtschaftlichen und sozialen Wandels die zunehmende Bedeutung von Kunst und Kultur f\u00fcr die Lebensgestaltung und Sinnfindung vieler Menschen.<\/p>\n<p>Der <strong>KulturFlecken Silberstern e.V.<\/strong> bietet ein Podium f\u00fcr K\u00fcnstler, Musiker, Autoren und andere Talente und f\u00f6rdert mit dieser wichtigen <strong>\u201eIn-die-Stadt-hinein-Arbeit\u201c<\/strong> Kunst und Kultur\u00a0 f\u00fcr die B\u00fcrger dieser Region.<\/p>\n<p>Auf unserer Homepage finden Sie Fotos der vielen au\u00dfergew\u00f6hnlichen Veranstaltungen, z.B. \u201eMacht M\u00fcll\u201c, \u201eSitzArt\u201c, \u201eSchwarz-Wei\u00dfe Nacht\u201c, \u201eARTventkalender\u201c, \u201ePatchwall\u201c, \u201eDie 4 Elemente-Fotowand\u201c, \u201eZEIT-RAUM- der Cube\u201c, \u201eSchr\u00e4ge K\u00f6pfe\u201c, \u201eUnrad\u201c, um nur einige Gro\u00dfveranstaltungen zu nennen.<\/p>\n<p>Unsere Veranstaltungen finden meist in der eher rustikalen Silbersternschmiede am Silberstern 4 statt oder aber in den liebevoll restaurierten R\u00e4umen der Villa Bubenzer am Villa-Bubenzer-Weg 7, die uns dankenswerterweise von der B\u00fcrgerstiftung Freudenberg zur Verf\u00fcgung gestellt wird. Sowohl die Stadt Freudenberg als auch die Sparkasse haben den KulturFlecken von der ersten Stunde an unterst\u00fctzt.<\/p>\n<p>Ein reger und kreativer Vorstand ist st\u00e4ndig bem\u00fcht, Ideen f\u00fcr die Bereicherung des kleinst\u00e4dtischen Lebens zu entwickeln, neue K\u00fcnstler aufzutun und die Vereinsarbeit auszubauen. Wir finanzieren uns\u00a0 aus Mitgliedsbeitr\u00e4gen und Einzelspenden.<\/p>\n<p>Im Vorstand sind :<\/p>\n<p>Conny Corthym-Klein, Vorsitzende  &#8211;  info@kleinkunst-siegen.de<\/p>\n<p>Karin Kramp, stellvertretende Vorsitzende  &#8211;  karin.kramp@googlemail.com<\/p>\n<p>B\u00e4rbel Misselwitz, Schatzmeisterin  &#8211;  bmissel@web.de<\/p>\n<p>Ulrike J\u00e4nisch-Baier, Schriftf\u00fchrerin  &#8211;  ulrikejaenisch@gmail.com <\/p>\n<p>Claudia Coll\u00e9, Beisitzerin<\/p>\n<p>Erika Hoffmann, Beisitzerin  &#8211;  747erika@googlemail.com<\/p>\n<p>Roland Jung, Beisitzer  &#8211;  rolandjung54@t-online.de<\/p>\n<p>Brigitte Limper, Beisitzerin  &#8211;  brigitte@limper.eu <\/p>\n<p>Christiane Conrads-Tipping, Beisitzerin &#8211; janitipping@gmx.de<\/p>\n","protected":false},"excerpt":{"rendered":"<p>Fotos der wundersch\u00f6nen historischen Altstadt Freudenbergs zieren seit jeher so manchen Deutschlandkalender. Die Initiatoren zur Gr\u00fcndung des Vereins erkannten, dass diese Stadt als historischer Kristallisationskern sehr gute atmosph\u00e4rische Rahmenbedingungen f\u00fcr ein Forum der Kunst, Kultur und Kommunikation bietet. Seit der &hellip; <a href=\"https:\/\/www.kulturflecken.de\/wordpress\/?page_id=187\">Weiterlesen <span class=\"meta-nav\">&rarr;<\/span><\/a><\/p>\n","protected":false},"author":1,"featured_media":0,"parent":0,"menu_order":1,"comment_status":"closed","ping_status":"closed","template":"","meta":{"ngg_post_thumbnail":0,"footnotes":""},"class_list":["post-187","page","type-page","status-publish","hentry"],"_links":{"self":[{"href":"https:\/\/www.kulturflecken.de\/wordpress\/index.php?rest_route=\/wp\/v2\/pages\/187","targetHints":{"allow":["GET"]}}],"collection":[{"href":"https:\/\/www.kulturflecken.de\/wordpress\/index.php?rest_route=\/wp\/v2\/pages"}],"about":[{"href":"https:\/\/www.kulturflecken.de\/wordpress\/index.php?rest_route=\/wp\/v2\/types\/page"}],"author":[{"embeddable":true,"href":"https:\/\/www.kulturflecken.de\/wordpress\/index.php?rest_route=\/wp\/v2\/users\/1"}],"replies":[{"embeddable":true,"href":"https:\/\/www.kulturflecken.de\/wordpress\/index.php?rest_route=%2Fwp%2Fv2%2Fcomments&post=187"}],"version-history":[{"count":3,"href":"https:\/\/www.kulturflecken.de\/wordpress\/index.php?rest_route=\/wp\/v2\/pages\/187\/revisions"}],"predecessor-version":[{"id":7017,"href":"https:\/\/www.kulturflecken.de\/wordpress\/index.php?rest_route=\/wp\/v2\/pages\/187\/revisions\/7017"}],"wp:attachment":[{"href":"https:\/\/www.kulturflecken.de\/wordpress\/index.php?rest_route=%2Fwp%2Fv2%2Fmedia&parent=187"}],"curies":[{"name":"wp","href":"https:\/\/api.w.org\/{rel}","templated":true}]}}