{"id":1802,"date":"2013-09-25T09:00:55","date_gmt":"2013-09-25T09:00:55","guid":{"rendered":"http:\/\/www.kulturflecken.de\/wordpress\/?page_id=1802"},"modified":"2013-09-25T09:01:26","modified_gmt":"2013-09-25T09:01:26","slug":"200-aktionen-in-zehn-jahren-freudenberg-online-de-10-09-2013","status":"publish","type":"page","link":"https:\/\/www.kulturflecken.de\/wordpress\/?page_id=1802","title":{"rendered":"200 Aktionen in zehn Jahren (freudenberg-online.de, 10.09.2013)"},"content":{"rendered":"<p><a href=\"http:\/\/www.kulturflecken.de\/wordpress\/wp-content\/uploads\/200aktionen-1.jpg\"><img loading=\"lazy\" decoding=\"async\" src=\"http:\/\/www.kulturflecken.de\/wordpress\/wp-content\/uploads\/200aktionen-1.jpg\" alt=\"200aktionen-1\" width=\"450\" height=\"300\" class=\"aligncenter size-full wp-image-1805\" srcset=\"https:\/\/www.kulturflecken.de\/wordpress\/wp-content\/uploads\/200aktionen-1.jpg 450w, https:\/\/www.kulturflecken.de\/wordpress\/wp-content\/uploads\/200aktionen-1-300x200.jpg 300w\" sizes=\"auto, (max-width: 450px) 100vw, 450px\" \/><\/a><br \/>\nFreudenberg.  Zehn Jahre ist noch keine lange Zeit, aber dennoch eine Anzahl an Jahren, die es sich lohnt zu feiern und auch schon mal einen Blick zur\u00fcck zu riskieren. Das Geburtstagskind welches gefeiert wurde, war der KulturFlecken Silberstern. <a href=\"http:\/\/www.kulturflecken.de\/wordpress\/wp-content\/uploads\/200aktionen-2.jpg\"><img loading=\"lazy\" decoding=\"async\" src=\"http:\/\/www.kulturflecken.de\/wordpress\/wp-content\/uploads\/200aktionen-2-300x199.jpg\" alt=\"OLYMPUS DIGITAL CAMERA\" width=\"300\" height=\"199\" class=\"alignleft size-medium wp-image-1806\" srcset=\"https:\/\/www.kulturflecken.de\/wordpress\/wp-content\/uploads\/200aktionen-2-300x199.jpg 300w, https:\/\/www.kulturflecken.de\/wordpress\/wp-content\/uploads\/200aktionen-2.jpg 800w\" sizes=\"auto, (max-width: 300px) 100vw, 300px\" \/><\/a>Der Kulturverein hatte alle Mitglieder, Sponsoren und Kulturinteressierte zu einem Geburtstags-Konzert in die Silbersternschmiede eingeladen. Zur Feier konnte das spritzige Quintett \u201eBakad Kapelye\u201c aus Gie\u00dfen eingeladen werden, dessen Spezialit\u00e4t die osteurop\u00e4ische Folklore ist. In ideenreichen Arrangements mit Gesang, Violine, Saxofon und Klarinette, Akkordeon, Bass und Schlagzeug pr\u00e4sentieren die f\u00fcnf jungen Musiker nicht nur Entdeckergeist, Experimentierfreude und Tanzwut, sondern auch Sinn f\u00fcr Stil und Atmosph\u00e4re. Auch B\u00fcrgermeister Eckhard G\u00fcnther lie\u00df es sich nicht nehmen den Mitgliedern und der Vorsitzenden pers\u00f6nlich zum \u201eZehnten\u201c zu Gratulieren. Mit den vielen Freunden ging der KulturFlecken, zwar noch auf eine kurze, aber dennoch aufregende Zeitreise, so kurz wie dieses Jahrtausend jung ist. In ihrer Festrede erinnerte die Vorsitzende Friederike Schlehbusch an das Gr\u00fcndungsjahr 2003 als Willi Jung sein Kunstbedarfgesch\u00e4ft, was in der rustikalen Schmiede angesiedelt war, aufgeben wollte. Das Trio Willi Jung, Anne Beel und Friedericke Schlehbusch hatte schon l\u00e4nger \u00fcber eine Kulturschmiede f\u00fcr Freudenberg nachgedacht. Aus der Liebe zu diesem Alten Flecken und den Siegerl\u00e4ndern war schon immer die Bl\u00fcte, von viel ehrenamtlichem Engagement aufgegangen. <a href=\"http:\/\/www.kulturflecken.de\/wordpress\/wp-content\/uploads\/200aktionen3.jpg\"><img loading=\"lazy\" decoding=\"async\" src=\"http:\/\/www.kulturflecken.de\/wordpress\/wp-content\/uploads\/200aktionen3-300x199.jpg\" alt=\"OLYMPUS DIGITAL CAMERA\" width=\"300\" height=\"199\" class=\"alignright size-medium wp-image-1803\" srcset=\"https:\/\/www.kulturflecken.de\/wordpress\/wp-content\/uploads\/200aktionen3-300x199.jpg 300w, https:\/\/www.kulturflecken.de\/wordpress\/wp-content\/uploads\/200aktionen3.jpg 800w\" sizes=\"auto, (max-width: 300px) 100vw, 300px\" \/><\/a>Historie und Gediegenheit lie\u00dfen den Wunsch aufkommen aus der Silberschmiede einen idealen Standort f\u00fcr ein st\u00e4ndiges Kunst- und Kulturforum werden zu lassen. Der aktive Dreier verfasste einen Brief in welchem die M\u00f6glichkeit geboten wurde, aktive und auch passive Mitgliedern f\u00fcr die \u00f6rtliche Kunst und Kultur zu begeistern. Mit diesem ersten Brief erreichte die Gr\u00fcndungsidee gleich 56 Mitglieder, die sich der neuen Kulturflamme verschrieben.<\/p>\n<p>Von Anfang an z\u00e4hlten zu den starken Verb\u00fcndeten des KulturFlecken, die Stadtsparkasse und auch die Stadt Freudenberg mit dem Bauhof, die bei vielen Aktivit\u00e4ten hilfreich zur Seite standen. So war es m\u00f6glich in zehn Jahren fast 200 Veranstaltungen zu stemmen. <a href=\"http:\/\/www.kulturflecken.de\/wordpress\/wp-content\/uploads\/200aktionen4.jpg\"><img loading=\"lazy\" decoding=\"async\" src=\"http:\/\/www.kulturflecken.de\/wordpress\/wp-content\/uploads\/200aktionen4-300x199.jpg\" alt=\"OLYMPUS DIGITAL CAMERA\" width=\"300\" height=\"199\" class=\"alignleft size-medium wp-image-1804\" srcset=\"https:\/\/www.kulturflecken.de\/wordpress\/wp-content\/uploads\/200aktionen4-300x199.jpg 300w, https:\/\/www.kulturflecken.de\/wordpress\/wp-content\/uploads\/200aktionen4.jpg 800w\" sizes=\"auto, (max-width: 300px) 100vw, 300px\" \/><\/a>Eine Fotodokumentation in den Kulturr\u00e4umen nahm den Betrachter mit auf eine Zehnj\u00e4hrige Zeitreise. So war es der Vorsitzenden Schlebusch ein besonders Anliegen an dieser Stelle den aktiven Vorstandhelfern danke zu sagen: Conny Corthym-Klein, Anne Beel,Erika Hoffmann, Brigitte Limper, B\u00e4rbel Misselwitz, Marlene Baumann, Rainer Fr\u00fchwacht, Roland Jung, Karin Kramp und Marlies Forneberg. \u201eOhne Euch w\u00e4re der Kultur-Flecken nichts\u201c, so Friedericke Schlehbusch weiter. \u201eWir machen einfach weiter wie bisher, bem\u00fchen uns um kleine, feine Nischenkultur und scheuen auch nicht das Spontane und Besondere\u201c!<\/p>\n<p> Fotos und Text: Henning Prill <a href=\"http:\/\/www.freudenberg-online.de\" target=\"_blank\">www.freudenberg-online.de<\/a>    <\/p>\n","protected":false},"excerpt":{"rendered":"<p>Freudenberg. Zehn Jahre ist noch keine lange Zeit, aber dennoch eine Anzahl an Jahren, die es sich lohnt zu feiern und auch schon mal einen Blick zur\u00fcck zu riskieren. Das Geburtstagskind welches gefeiert wurde, war der KulturFlecken Silberstern. Der Kulturverein &hellip; <a href=\"https:\/\/www.kulturflecken.de\/wordpress\/?page_id=1802\">Weiterlesen <span class=\"meta-nav\">&rarr;<\/span><\/a><\/p>\n","protected":false},"author":1,"featured_media":0,"parent":258,"menu_order":-5,"comment_status":"closed","ping_status":"closed","template":"","meta":{"ngg_post_thumbnail":0,"footnotes":""},"class_list":["post-1802","page","type-page","status-publish","hentry"],"_links":{"self":[{"href":"https:\/\/www.kulturflecken.de\/wordpress\/index.php?rest_route=\/wp\/v2\/pages\/1802","targetHints":{"allow":["GET"]}}],"collection":[{"href":"https:\/\/www.kulturflecken.de\/wordpress\/index.php?rest_route=\/wp\/v2\/pages"}],"about":[{"href":"https:\/\/www.kulturflecken.de\/wordpress\/index.php?rest_route=\/wp\/v2\/types\/page"}],"author":[{"embeddable":true,"href":"https:\/\/www.kulturflecken.de\/wordpress\/index.php?rest_route=\/wp\/v2\/users\/1"}],"replies":[{"embeddable":true,"href":"https:\/\/www.kulturflecken.de\/wordpress\/index.php?rest_route=%2Fwp%2Fv2%2Fcomments&post=1802"}],"version-history":[{"count":3,"href":"https:\/\/www.kulturflecken.de\/wordpress\/index.php?rest_route=\/wp\/v2\/pages\/1802\/revisions"}],"predecessor-version":[{"id":1811,"href":"https:\/\/www.kulturflecken.de\/wordpress\/index.php?rest_route=\/wp\/v2\/pages\/1802\/revisions\/1811"}],"up":[{"embeddable":true,"href":"https:\/\/www.kulturflecken.de\/wordpress\/index.php?rest_route=\/wp\/v2\/pages\/258"}],"wp:attachment":[{"href":"https:\/\/www.kulturflecken.de\/wordpress\/index.php?rest_route=%2Fwp%2Fv2%2Fmedia&parent=1802"}],"curies":[{"name":"wp","href":"https:\/\/api.w.org\/{rel}","templated":true}]}}