{"id":1746,"date":"2013-09-09T08:55:26","date_gmt":"2013-09-09T08:55:26","guid":{"rendered":"http:\/\/www.kulturflecken.de\/wordpress\/?page_id=1746"},"modified":"2013-09-18T09:01:19","modified_gmt":"2013-09-18T09:01:19","slug":"jks-grun-grun-grun-sind-alle-meine-kleider-06-09-2013","status":"publish","type":"page","link":"https:\/\/www.kulturflecken.de\/wordpress\/?page_id=1746","title":{"rendered":"JKS &#8211; Gr\u00fcn, gr\u00fcn, gr\u00fcn sind alle meine Kleider &#8211; 06.09.2013"},"content":{"rendered":"ngg_shortcode_0_placeholder\n","protected":false},"excerpt":{"rendered":"","protected":false},"author":1,"featured_media":0,"parent":301,"menu_order":3,"comment_status":"closed","ping_status":"closed","template":"","meta":{"ngg_post_thumbnail":0,"footnotes":""},"class_list":["post-1746","page","type-page","status-publish","hentry"],"_links":{"self":[{"href":"https:\/\/www.kulturflecken.de\/wordpress\/index.php?rest_route=\/wp\/v2\/pages\/1746","targetHints":{"allow":["GET"]}}],"collection":[{"href":"https:\/\/www.kulturflecken.de\/wordpress\/index.php?rest_route=\/wp\/v2\/pages"}],"about":[{"href":"https:\/\/www.kulturflecken.de\/wordpress\/index.php?rest_route=\/wp\/v2\/types\/page"}],"author":[{"embeddable":true,"href":"https:\/\/www.kulturflecken.de\/wordpress\/index.php?rest_route=\/wp\/v2\/users\/1"}],"replies":[{"embeddable":true,"href":"https:\/\/www.kulturflecken.de\/wordpress\/index.php?rest_route=%2Fwp%2Fv2%2Fcomments&post=1746"}],"version-history":[{"count":3,"href":"https:\/\/www.kulturflecken.de\/wordpress\/index.php?rest_route=\/wp\/v2\/pages\/1746\/revisions"}],"predecessor-version":[{"id":1788,"href":"https:\/\/www.kulturflecken.de\/wordpress\/index.php?rest_route=\/wp\/v2\/pages\/1746\/revisions\/1788"}],"up":[{"embeddable":true,"href":"https:\/\/www.kulturflecken.de\/wordpress\/index.php?rest_route=\/wp\/v2\/pages\/301"}],"wp:attachment":[{"href":"https:\/\/www.kulturflecken.de\/wordpress\/index.php?rest_route=%2Fwp%2Fv2%2Fmedia&parent=1746"}],"curies":[{"name":"wp","href":"https:\/\/api.w.org\/{rel}","templated":true}]}}